{"id":133,"date":"2026-01-13T16:32:20","date_gmt":"2026-01-13T16:32:20","guid":{"rendered":"https:\/\/sigoria.eu\/?page_id=133"},"modified":"2026-01-13T22:34:08","modified_gmt":"2026-01-13T22:34:08","slug":"ai-trace","status":"publish","type":"page","link":"https:\/\/sigoria.eu\/?page_id=133","title":{"rendered":"AI TRACE"},"content":{"rendered":"<p>[et_pb_section fb_built=&#8221;1&#8243; _builder_version=&#8221;4.9.7&#8243; _module_preset=&#8221;default&#8221;][et_pb_row _builder_version=&#8221;4.9.7&#8243; _module_preset=&#8221;default&#8221;][et_pb_column type=&#8221;4_4&#8243; _builder_version=&#8221;4.9.7&#8243; _module_preset=&#8221;default&#8221;][et_pb_text _builder_version=&#8221;4.9.7&#8243; _module_preset=&#8221;default&#8221;]<\/p>\n<h3><b>Opracowanie wniosku \u201eAI TRACE\u201d w konkursie Fighting Crime and Terrorism 2024 (HORIZON-CL3-2024-FCT-01) w ramach programu Horyzont Europa<\/b><\/h3>\n<p>[\/et_pb_text][\/et_pb_column][\/et_pb_row][et_pb_row _builder_version=&#8221;4.9.7&#8243; _module_preset=&#8221;default&#8221;][et_pb_column type=&#8221;4_4&#8243; _builder_version=&#8221;4.9.7&#8243; _module_preset=&#8221;default&#8221;][et_pb_text _builder_version=&#8221;4.9.7&#8243; _module_preset=&#8221;default&#8221; hover_enabled=&#8221;0&#8243; sticky_enabled=&#8221;0&#8243;]<\/p>\n<p><span>W ramach projektu zostanie powo\u0142any zesp\u00f3\u0142 projektowy, z uwzgl\u0119dnieniem zapewnienia mo\u017cliwie szerokiego spektrum po\u017c\u0105danych kompetencji. Opracowany zostanie ramowy plan projektu\/kszta\u0142tu konsorcjum\/rezultat\u00f3w. Nast\u0105pi\u0105 konsultacje z Liderem i wsp\u00f3\u0142konsorcjantami.<\/span><span><br \/><\/span><span>Kolejnym elementem b\u0119dzie przet\u0142umaczenie dokumentacji projektowej i kluczowych dokument\u00f3w roboczych. Ustalenie szczeg\u00f3\u0142owej koncepcji projektu i kszta\u0142tu najwa\u017cniejszych zada\u0144, opracowanie struktury Work Packages (WP) i Tasks (T), ustalenie zakres\u00f3w odpowiedzialno\u015bci. Opracowanie wst\u0119pnej koncepcji WP, kt\u00f3rych Wnioskodawca b\u0119dzie liderem. Przeprowadzenie g\u0142\u0119bokich kwerend dziedzinowych w obszarach deep fakes. Wymiana informacji o ustaleniach w ramach zespo\u0142u, usp\u00f3jnienie opracowanych koncepcji.<\/span><span><br \/><\/span><span>Nast\u0119pnie powstanie opracowanie pierwszej wersji opis\u00f3w WP celem przedyskutowanie ich z konsorcjantami.\u00a0Opracowanie finalnych koncepcji opis\u00f3w fragment\u00f3w wniosku o Eurogrant i opracowanie cz\u0119\u015bci bud\u017cetu Eurograntu wnioskodawcy.<\/span><span><br \/><\/span><span><br \/><\/span><span>Grupy docelowe: organy \u015bcigania, prokuratorzy, policja, moderatorzy medi\u00f3w spo\u0142eczno\u015bciowych, eksperci multimedialni w dziedzinie kryminalistyki.<\/span><span><br \/><\/span><span><br \/><\/span><span>Celem projektu AI-TRACE jest opracowanie narz\u0119dzi dla organ\u00f3w \u015bcigania oraz ekspert\u00f3w w dziedzinie multimedi\u00f3w kryminalistycznych, aby stawi\u0107 czo\u0142a wyzwaniom zwi\u0105zanym z powszechnym stosowaniem i obecno\u015bci\u0105 technologii oraz tre\u015bci opartych na sztucznej inteligencji (AI):<\/span><span><br \/><\/span><span>1) do selekcji tre\u015bci, kt\u00f3re pomog\u0105 wykrywa\u0107 i identyfikowa\u0107 media wykorzystuj\u0105ce AI (wygenerowane, zmodyfikowane lub udoskonalone), co poprawi efektywno\u015b\u0107 i wiarygodno\u015b\u0107 proces\u00f3w dochodzeniowych;<\/span><span><br \/><\/span><span>2) do wykrywania i lokalizowania konkretnych \u015blad\u00f3w AI, kt\u00f3re otworz\u0105 nowe \u015bcie\u017cki dochodzeniowe.<\/span><span><br \/><\/span><span>AI-TRACE skoncentruje si\u0119 na bezproblemowej integracji tych narz\u0119dzi z procesem dochodzeniowym poprzez opracowanie skalowalnej platformy, kt\u00f3ra u\u0142atwi wprowadzanie i wdra\u017canie rozwi\u0105za\u0144 w przep\u0142ywWarto\u015b\u0107 projektu: 50840 PLNach pracy organ\u00f3w \u015bcigania oraz ekspert\u00f3w multimedialnych w dziedzinie kryminalistyki, korzystaj\u0105c z:<\/span><span><br \/><\/span><span>1) wiedzy specjalistycznej firm zajmuj\u0105cych si\u0119 kryminalistyk\u0105 multimedialn\u0105, zaanga\u017cowanych w projekt;<\/span><span><br \/><\/span><span>2) mo\u017cliwo\u015bci, zasob\u00f3w i potrzeb organ\u00f3w \u015bcigania uczestnicz\u0105cych w projekcie.<\/span><span><br \/><\/span><span>Ponadto AI-TRACE zapewni organom \u015bcigania oraz specjalistom z zakresu kryminalistyki multimedialnej szkolenia, kt\u00f3re pozwol\u0105 im zapozna\u0107 si\u0119 z nowymi wyzwaniami, rozwojem projektu oraz wp\u0142ywem ustawy o AI na ich praktyk\u0119. Ponadto dla szerszej publiczno\u015bci zostan\u0105 przygotowane szkolenia dotycz\u0105ce zagro\u017ce\u0144 i wyzwa\u0144 zwi\u0105zanych z narz\u0119dziami oraz tre\u015bciami opartymi na AI.<\/span><span><br \/><\/span><span><br \/><\/span><span><br \/><\/span><strong>Warto\u015b\u0107 projektu: 50840 PLN<\/strong><\/p>\n<p>[\/et_pb_text][\/et_pb_column][\/et_pb_row][et_pb_row column_structure=&#8221;1_3,1_3,1_3&#8243; _builder_version=&#8221;4.9.7&#8243; _module_preset=&#8221;default&#8221;][et_pb_column type=&#8221;1_3&#8243; _builder_version=&#8221;4.9.7&#8243; _module_preset=&#8221;default&#8221;][et_pb_image src=&#8221;http:\/\/sigoria.eu\/wp-content\/uploads\/2026\/01\/FE_dla_Nowoczesnej_Gospodarki_RGB-1.png&#8221; title_text=&#8221;FE_dla_Nowoczesnej_Gospodarki_RGB-1&#8243; _builder_version=&#8221;4.9.7&#8243; _module_preset=&#8221;default&#8221;][\/et_pb_image][\/et_pb_column][et_pb_column type=&#8221;1_3&#8243; _builder_version=&#8221;4.9.7&#8243; _module_preset=&#8221;default&#8221;][et_pb_image src=&#8221;http:\/\/sigoria.eu\/wp-content\/uploads\/2026\/01\/Logo_RP_Poziom_Linia_Zamykaj\u0435ca_RGB.png&#8221; title_text=&#8221;Logo_RP_Poziom_Linia_Zamykaj\u0435ca_RGB&#8221; _builder_version=&#8221;4.9.7&#8243; _module_preset=&#8221;default&#8221; hover_enabled=&#8221;0&#8243; sticky_enabled=&#8221;0&#8243;][\/et_pb_image][\/et_pb_column][et_pb_column type=&#8221;1_3&#8243; _builder_version=&#8221;4.9.7&#8243; _module_preset=&#8221;default&#8221;][et_pb_image src=&#8221;http:\/\/sigoria.eu\/wp-content\/uploads\/2026\/01\/Znak_UE_polski_poziom_kolor_RGB_na-przezroczystosci.png&#8221; title_text=&#8221;Znak_UE_polski_poziom_kolor_RGB_na przezroczysto\u015bci&#8221; _builder_version=&#8221;4.9.7&#8243; _module_preset=&#8221;default&#8221;][\/et_pb_image][\/et_pb_column][\/et_pb_row][\/et_pb_section]<\/p>\n","protected":false},"excerpt":{"rendered":"<p>[et_pb_section fb_built=&#8221;1&#8243; _builder_version=&#8221;4.9.7&#8243; _module_preset=&#8221;default&#8221;][et_pb_row _builder_version=&#8221;4.9.7&#8243; _module_preset=&#8221;default&#8221;][et_pb_column type=&#8221;4_4&#8243; _builder_version=&#8221;4.9.7&#8243; _module_preset=&#8221;default&#8221;][et_pb_text _builder_version=&#8221;4.9.7&#8243; _module_preset=&#8221;default&#8221;] Opracowanie wniosku \u201eAI TRACE\u201d w konkursie Fighting Crime and Terrorism 2024 (HORIZON-CL3-2024-FCT-01) w ramach programu Horyzont Europa [\/et_pb_text][\/et_pb_column][\/et_pb_row][et_pb_row _builder_version=&#8221;4.9.7&#8243; _module_preset=&#8221;default&#8221;][et_pb_column type=&#8221;4_4&#8243; _builder_version=&#8221;4.9.7&#8243; _module_preset=&#8221;default&#8221;][et_pb_text _builder_version=&#8221;4.9.7&#8243; _module_preset=&#8221;default&#8221; hover_enabled=&#8221;0&#8243; sticky_enabled=&#8221;0&#8243;] W ramach projektu zostanie powo\u0142any zesp\u00f3\u0142 projektowy, z uwzgl\u0119dnieniem zapewnienia mo\u017cliwie szerokiego spektrum po\u017c\u0105danych kompetencji. Opracowany zostanie [&hellip;]<\/p>\n","protected":false},"author":1,"featured_media":0,"parent":0,"menu_order":0,"comment_status":"closed","ping_status":"closed","template":"","meta":{"_et_pb_use_builder":"on","_et_pb_old_content":"<!-- wp:divi\/placeholder \/-->","_et_gb_content_width":"","footnotes":""},"class_list":["post-133","page","type-page","status-publish","hentry"],"_links":{"self":[{"href":"https:\/\/sigoria.eu\/index.php?rest_route=\/wp\/v2\/pages\/133","targetHints":{"allow":["GET"]}}],"collection":[{"href":"https:\/\/sigoria.eu\/index.php?rest_route=\/wp\/v2\/pages"}],"about":[{"href":"https:\/\/sigoria.eu\/index.php?rest_route=\/wp\/v2\/types\/page"}],"author":[{"embeddable":true,"href":"https:\/\/sigoria.eu\/index.php?rest_route=\/wp\/v2\/users\/1"}],"replies":[{"embeddable":true,"href":"https:\/\/sigoria.eu\/index.php?rest_route=%2Fwp%2Fv2%2Fcomments&post=133"}],"version-history":[{"count":6,"href":"https:\/\/sigoria.eu\/index.php?rest_route=\/wp\/v2\/pages\/133\/revisions"}],"predecessor-version":[{"id":159,"href":"https:\/\/sigoria.eu\/index.php?rest_route=\/wp\/v2\/pages\/133\/revisions\/159"}],"wp:attachment":[{"href":"https:\/\/sigoria.eu\/index.php?rest_route=%2Fwp%2Fv2%2Fmedia&parent=133"}],"curies":[{"name":"wp","href":"https:\/\/api.w.org\/{rel}","templated":true}]}}