{"id":136,"date":"2026-01-13T16:41:14","date_gmt":"2026-01-13T16:41:14","guid":{"rendered":"https:\/\/sigoria.eu\/?page_id=136"},"modified":"2026-01-13T22:33:07","modified_gmt":"2026-01-13T22:33:07","slug":"dexcrypto","status":"publish","type":"page","link":"https:\/\/sigoria.eu\/?page_id=136","title":{"rendered":"DEXCRYPTO"},"content":{"rendered":"<p>[et_pb_section fb_built=&#8221;1&#8243; _builder_version=&#8221;4.9.7&#8243; _module_preset=&#8221;default&#8221;][et_pb_row _builder_version=&#8221;4.9.7&#8243; _module_preset=&#8221;default&#8221;][et_pb_column _builder_version=&#8221;4.9.7&#8243; _module_preset=&#8221;default&#8221; type=&#8221;4_4&#8243;][et_pb_text _builder_version=&#8221;4.9.7&#8243; _module_preset=&#8221;default&#8221; hover_enabled=&#8221;0&#8243; sticky_enabled=&#8221;0&#8243;]<\/p>\n<h3><b>Opracowanie wniosku \u201eDEXCRYPTO\u201d w konkursie Specialised Education Programmes in Key Capacity Areas<br \/>(DIGITAL-2024-ADVANCED-<wbr \/>DIGITAL-07-KEYCAPACITY) w ramach programu Digital Europe Programme (DIGITAL)<\/b><\/h3>\n<p>[\/et_pb_text][\/et_pb_column][\/et_pb_row][et_pb_row _builder_version=&#8221;4.9.7&#8243; _module_preset=&#8221;default&#8221;][et_pb_column _builder_version=&#8221;4.9.7&#8243; _module_preset=&#8221;default&#8221; type=&#8221;4_4&#8243;][et_pb_text _builder_version=&#8221;4.9.7&#8243; _module_preset=&#8221;default&#8221; hover_enabled=&#8221;0&#8243; sticky_enabled=&#8221;0&#8243;]<\/p>\n<p><span>W ramach projektu zostanie powo\u0142any zesp\u00f3\u0142 projektowy, z uwzgl\u0119dnieniem zapewnienia mo\u017cliwie szerokiego spektrum po\u017c\u0105danych kompetencji. Opracowany zostanie ramowy plan projektu\/kszta\u0142tu konsorcjum\/rezultat\u00f3w. Nast\u0105pi\u0105 konsultacje z Liderem i wsp\u00f3\u0142konsorcjantami.<\/span><span><br \/><\/span><span>Kolejnym elementem b\u0119dzie przet\u0142umaczenie dokumentacji projektowej i kluczowych dokument\u00f3w roboczych. Ustalenie szczeg\u00f3\u0142owej koncepcji projektu i kszta\u0142tu najwa\u017cniejszych zada\u0144, opracowanie struktury Work Packages (WP) i Tasks (T), ustalenie zakres\u00f3w odpowiedzialno\u015bci. Opracowanie wst\u0119pnej koncepcji WP, kt\u00f3rych Wnioskodawca b\u0119dzie liderem. Przeprowadzenie g\u0142\u0119bokich kwerend dziedzinowych w obszarach deep fakes. Wymiana informacji o ustaleniach w ramach zespo\u0142u, usp\u00f3jnienie opracowanych koncepcji.<\/span><span><br \/><\/span><span>Nast\u0119pnie powstanie opracowanie pierwszej wersji opis\u00f3w WP celem przedyskutowanie ich z konsorcjantami.\u00a0Opracowanie finalnych koncepcji opis\u00f3w fragment\u00f3w wniosku o Eurogrant i opracowanie cz\u0119\u015bci bud\u017cetu Eurograntu wnioskodawcy.<\/span><span><br \/><\/span><span><br \/><\/span><strong>Grupy docelowe: uczelnie wy\u017csze<br \/><\/strong><span><br \/><\/span><span>Cele projektu DEXCRYPTO:<\/span><span><br \/><\/span><span>1) zbudowanie pierwszego europejskiego sojuszu na rzecz program\u00f3w magisterskich, kt\u00f3ry zrzesza uniwersytety i zainteresowane strony z kluczowych sektor\u00f3w przemys\u0142u z 4 unikalnych region\u00f3w UE, w celu podnoszenia i przekwalifikowywania kompetencji cyfrowych i cyberbezpiecze\u0144stwa.<\/span><span><br \/><\/span><span>2) zapewnienie wsparcia finansowego na podnoszenie i przekwalifikowywanie umiej\u0119tno\u015bci student\u00f3w z uczelni wy\u017cszych, aby zaoferowa\u0107 im odpowiednie mo\u017cliwo\u015bci szkolenia w zakresie umiej\u0119tno\u015bci cyfrowych.<\/span><span><br \/><\/span><span>3) zaanga\u017cowanie M\u015aP i firm przemys\u0142owych w podj\u0119cie proaktywnych krok\u00f3w w celu przyci\u0105gni\u0119cia i zaakceptowania sta\u017cy student\u00f3w oraz wspieranie doros\u0142ych uczni\u00f3w w odbyciu szkolenia na poziomie magisterskim, w celu poprawy ich umiej\u0119tno\u015bci w zakresie bezpiecze\u0144stwa cyfrowego i cybernetycznego oraz zwi\u0119kszenia ich szans na zatrudnienie.<\/span><span class=\"white-space-pre\"> <\/span><span><br \/><\/span><span>4) nauczanie umiej\u0119tno\u015bci cyfrowych potrzebnych do zielonej transformacji, przegl\u0105d istniej\u0105cych program\u00f3w nauczania i opracowanie nowych program\u00f3w studi\u00f3w magisterskich zwi\u0105zanych z konkretnymi technologiami, takimi jak sztuczna inteligencja, analityka danych, rzeczywisto\u015b\u0107 rozszerzona, robotyka, przetwarzanie w chmurze, internet rzeczy oraz uczenie maszynowe i cyberbezpiecze\u0144stwo.<\/span><span><br \/><\/span><span><br \/><\/span><strong>Warto\u015b\u0107 projektu: 50840 PLN<\/strong><\/p>\n<p>[\/et_pb_text][\/et_pb_column][\/et_pb_row][et_pb_row _builder_version=&#8221;4.9.7&#8243; _module_preset=&#8221;default&#8221; column_structure=&#8221;1_3,1_3,1_3&#8243;][et_pb_column _builder_version=&#8221;4.9.7&#8243; _module_preset=&#8221;default&#8221; type=&#8221;1_3&#8243;][et_pb_image src=&#8221;http:\/\/sigoria.eu\/wp-content\/uploads\/2026\/01\/FE_dla_Nowoczesnej_Gospodarki_RGB-1.png&#8221; _builder_version=&#8221;4.9.7&#8243; _module_preset=&#8221;default&#8221; title_text=&#8221;FE_dla_Nowoczesnej_Gospodarki_RGB-1&#8243; hover_enabled=&#8221;0&#8243; sticky_enabled=&#8221;0&#8243;][\/et_pb_image][\/et_pb_column][et_pb_column _builder_version=&#8221;4.9.7&#8243; _module_preset=&#8221;default&#8221; type=&#8221;1_3&#8243;][et_pb_image src=&#8221;http:\/\/sigoria.eu\/wp-content\/uploads\/2026\/01\/Logo_RP_Poziom_Linia_Zamykaj\u0435ca_RGB.png&#8221; _builder_version=&#8221;4.9.7&#8243; _module_preset=&#8221;default&#8221; title_text=&#8221;Logo_RP_Poziom_Linia_Zamykaj\u0435ca_RGB&#8221; hover_enabled=&#8221;0&#8243; sticky_enabled=&#8221;0&#8243;][\/et_pb_image][\/et_pb_column][et_pb_column _builder_version=&#8221;4.9.7&#8243; _module_preset=&#8221;default&#8221; type=&#8221;1_3&#8243;][et_pb_image src=&#8221;http:\/\/sigoria.eu\/wp-content\/uploads\/2026\/01\/Znak_UE_polski_poziom_kolor_RGB_na-przezroczystosci.png&#8221; _builder_version=&#8221;4.9.7&#8243; _module_preset=&#8221;default&#8221; title_text=&#8221;Znak_UE_polski_poziom_kolor_RGB_na przezroczysto\u015bci&#8221; hover_enabled=&#8221;0&#8243; sticky_enabled=&#8221;0&#8243;][\/et_pb_image][\/et_pb_column][\/et_pb_row][\/et_pb_section]<\/p>\n","protected":false},"excerpt":{"rendered":"<p>[et_pb_section fb_built=&#8221;1&#8243; _builder_version=&#8221;4.9.7&#8243; _module_preset=&#8221;default&#8221;][et_pb_row _builder_version=&#8221;4.9.7&#8243; _module_preset=&#8221;default&#8221;][et_pb_column _builder_version=&#8221;4.9.7&#8243; _module_preset=&#8221;default&#8221; type=&#8221;4_4&#8243;][et_pb_text _builder_version=&#8221;4.9.7&#8243; _module_preset=&#8221;default&#8221; hover_enabled=&#8221;0&#8243; sticky_enabled=&#8221;0&#8243;] Opracowanie wniosku \u201eDEXCRYPTO\u201d w konkursie Specialised Education Programmes in Key Capacity Areas(DIGITAL-2024-ADVANCED-DIGITAL-07-KEYCAPACITY) w ramach programu Digital Europe Programme (DIGITAL) [\/et_pb_text][\/et_pb_column][\/et_pb_row][et_pb_row _builder_version=&#8221;4.9.7&#8243; _module_preset=&#8221;default&#8221;][et_pb_column _builder_version=&#8221;4.9.7&#8243; _module_preset=&#8221;default&#8221; type=&#8221;4_4&#8243;][et_pb_text _builder_version=&#8221;4.9.7&#8243; _module_preset=&#8221;default&#8221; hover_enabled=&#8221;0&#8243; sticky_enabled=&#8221;0&#8243;] W ramach projektu zostanie powo\u0142any zesp\u00f3\u0142 projektowy, z uwzgl\u0119dnieniem zapewnienia mo\u017cliwie szerokiego spektrum [&hellip;]<\/p>\n","protected":false},"author":1,"featured_media":0,"parent":0,"menu_order":0,"comment_status":"closed","ping_status":"closed","template":"","meta":{"_et_pb_use_builder":"on","_et_pb_old_content":"<!-- wp:divi\/placeholder \/-->","_et_gb_content_width":"","footnotes":""},"class_list":["post-136","page","type-page","status-publish","hentry"],"_links":{"self":[{"href":"https:\/\/sigoria.eu\/index.php?rest_route=\/wp\/v2\/pages\/136","targetHints":{"allow":["GET"]}}],"collection":[{"href":"https:\/\/sigoria.eu\/index.php?rest_route=\/wp\/v2\/pages"}],"about":[{"href":"https:\/\/sigoria.eu\/index.php?rest_route=\/wp\/v2\/types\/page"}],"author":[{"embeddable":true,"href":"https:\/\/sigoria.eu\/index.php?rest_route=\/wp\/v2\/users\/1"}],"replies":[{"embeddable":true,"href":"https:\/\/sigoria.eu\/index.php?rest_route=%2Fwp%2Fv2%2Fcomments&post=136"}],"version-history":[{"count":5,"href":"https:\/\/sigoria.eu\/index.php?rest_route=\/wp\/v2\/pages\/136\/revisions"}],"predecessor-version":[{"id":157,"href":"https:\/\/sigoria.eu\/index.php?rest_route=\/wp\/v2\/pages\/136\/revisions\/157"}],"wp:attachment":[{"href":"https:\/\/sigoria.eu\/index.php?rest_route=%2Fwp%2Fv2%2Fmedia&parent=136"}],"curies":[{"name":"wp","href":"https:\/\/api.w.org\/{rel}","templated":true}]}}